{"id":214,"date":"2022-04-29T13:05:57","date_gmt":"2022-04-29T11:05:57","guid":{"rendered":"https:\/\/interieryluzica.sk\/?page_id=214"},"modified":"2023-01-26T14:08:16","modified_gmt":"2023-01-26T13:08:16","slug":"mimoriadne-projekty","status":"publish","type":"page","link":"https:\/\/interieryluzica.sk\/hu\/produkty\/mimoriadne-projekty\/","title":{"rendered":"Rendk\u00edv\u00fcli projektek"},"content":{"rendered":"","protected":false},"excerpt":{"rendered":"","protected":false},"author":1,"featured_media":0,"parent":8,"menu_order":0,"comment_status":"closed","ping_status":"closed","template":"","meta":{"ngg_post_thumbnail":0,"footnotes":""},"class_list":["post-214","page","type-page","status-publish","hentry"],"yoast_head":"<!-- This site is optimized with the Yoast SEO plugin v27.5 - https:\/\/yoast.com\/product\/yoast-seo-wordpress\/ -->\n<title>Mimoriadne projekty - Interi\u00e9ry Lu\u017eica<\/title>\n<meta name=\"robots\" content=\"index, follow, max-snippet:-1, max-image-preview:large, max-video-preview:-1\" \/>\n<link rel=\"canonical\" href=\"https:\/\/interieryluzica.sk\/hu\/produkty\/mimoriadne-projekty\/\" \/>\n<meta property=\"og:locale\" content=\"hu_HU\" \/>\n<meta property=\"og:type\" content=\"article\" \/>\n<meta property=\"og:title\" content=\"Mimoriadne projekty - Interi\u00e9ry Lu\u017eica\" \/>\n<meta property=\"og:url\" content=\"https:\/\/interieryluzica.sk\/hu\/produkty\/mimoriadne-projekty\/\" \/>\n<meta property=\"og:site_name\" content=\"Interi\u00e9ry Lu\u017eica\" \/>\n<meta property=\"article:publisher\" content=\"https:\/\/www.facebook.com\/109717744000991\" \/>\n<meta property=\"article:modified_time\" content=\"2023-01-26T13:08:16+00:00\" \/>\n<meta property=\"og:image\" content=\"https:\/\/interieryluzica.sk\/wp-content\/uploads\/2022\/05\/Logo-bez-ramceka.png\" \/>\n\t<meta property=\"og:image:width\" content=\"1920\" \/>\n\t<meta property=\"og:image:height\" content=\"554\" \/>\n\t<meta property=\"og:image:type\" content=\"image\/png\" \/>\n<meta name=\"twitter:card\" content=\"summary_large_image\" \/>\n<script type=\"application\/ld+json\" class=\"yoast-schema-graph\">{\"@context\":\"https:\\\/\\\/schema.org\",\"@graph\":[{\"@type\":\"WebPage\",\"@id\":\"https:\\\/\\\/interieryluzica.sk\\\/produkty\\\/mimoriadne-projekty\\\/\",\"url\":\"https:\\\/\\\/interieryluzica.sk\\\/produkty\\\/mimoriadne-projekty\\\/\",\"name\":\"Mimoriadne projekty - Interi\u00e9ry Lu\u017eica\",\"isPartOf\":{\"@id\":\"https:\\\/\\\/interieryluzica.sk\\\/#website\"},\"datePublished\":\"2022-04-29T11:05:57+00:00\",\"dateModified\":\"2023-01-26T13:08:16+00:00\",\"breadcrumb\":{\"@id\":\"https:\\\/\\\/interieryluzica.sk\\\/produkty\\\/mimoriadne-projekty\\\/#breadcrumb\"},\"inLanguage\":\"hu\",\"potentialAction\":[{\"@type\":\"ReadAction\",\"target\":[\"https:\\\/\\\/interieryluzica.sk\\\/produkty\\\/mimoriadne-projekty\\\/\"]}]},{\"@type\":\"BreadcrumbList\",\"@id\":\"https:\\\/\\\/interieryluzica.sk\\\/produkty\\\/mimoriadne-projekty\\\/#breadcrumb\",\"itemListElement\":[{\"@type\":\"ListItem\",\"position\":1,\"name\":\"Domovsk\u00e1 str\u00e1nka\",\"item\":\"https:\\\/\\\/interieryluzica.sk\\\/\"},{\"@type\":\"ListItem\",\"position\":2,\"name\":\"Produkty\",\"item\":\"https:\\\/\\\/interieryluzica.sk\\\/?page_id=8\"},{\"@type\":\"ListItem\",\"position\":3,\"name\":\"Mimoriadne projekty\"}]},{\"@type\":\"WebSite\",\"@id\":\"https:\\\/\\\/interieryluzica.sk\\\/#website\",\"url\":\"https:\\\/\\\/interieryluzica.sk\\\/\",\"name\":\"Interi\u00e9ry Lu\u017eica\",\"description\":\"INTERI\u00c9RY &amp; KUCHYNE\",\"publisher\":{\"@id\":\"https:\\\/\\\/interieryluzica.sk\\\/#organization\"},\"potentialAction\":[{\"@type\":\"SearchAction\",\"target\":{\"@type\":\"EntryPoint\",\"urlTemplate\":\"https:\\\/\\\/interieryluzica.sk\\\/?s={search_term_string}\"},\"query-input\":{\"@type\":\"PropertyValueSpecification\",\"valueRequired\":true,\"valueName\":\"search_term_string\"}}],\"inLanguage\":\"hu\"},{\"@type\":\"Organization\",\"@id\":\"https:\\\/\\\/interieryluzica.sk\\\/#organization\",\"name\":\"Interi\u00e9ry Lu\u017eica\",\"url\":\"https:\\\/\\\/interieryluzica.sk\\\/\",\"logo\":{\"@type\":\"ImageObject\",\"inLanguage\":\"hu\",\"@id\":\"https:\\\/\\\/interieryluzica.sk\\\/#\\\/schema\\\/logo\\\/image\\\/\",\"url\":\"https:\\\/\\\/interieryluzica.sk\\\/wp-content\\\/uploads\\\/2022\\\/05\\\/Logo-bez-ramceka.png\",\"contentUrl\":\"https:\\\/\\\/interieryluzica.sk\\\/wp-content\\\/uploads\\\/2022\\\/05\\\/Logo-bez-ramceka.png\",\"width\":1920,\"height\":554,\"caption\":\"Interi\u00e9ry Lu\u017eica\"},\"image\":{\"@id\":\"https:\\\/\\\/interieryluzica.sk\\\/#\\\/schema\\\/logo\\\/image\\\/\"},\"sameAs\":[\"https:\\\/\\\/www.facebook.com\\\/109717744000991\"]}]}<\/script>\n<!-- \/ Yoast SEO plugin. -->","yoast_head_json":{"title":"Mimoriadne projekty - Interi\u00e9ry Lu\u017eica","robots":{"index":"index","follow":"follow","max-snippet":"max-snippet:-1","max-image-preview":"max-image-preview:large","max-video-preview":"max-video-preview:-1"},"canonical":"https:\/\/interieryluzica.sk\/hu\/produkty\/mimoriadne-projekty\/","og_locale":"hu_HU","og_type":"article","og_title":"Mimoriadne projekty - Interi\u00e9ry Lu\u017eica","og_url":"https:\/\/interieryluzica.sk\/hu\/produkty\/mimoriadne-projekty\/","og_site_name":"Interi\u00e9ry Lu\u017eica","article_publisher":"https:\/\/www.facebook.com\/109717744000991","article_modified_time":"2023-01-26T13:08:16+00:00","og_image":[{"width":1920,"height":554,"url":"https:\/\/interieryluzica.sk\/wp-content\/uploads\/2022\/05\/Logo-bez-ramceka.png","type":"image\/png"}],"twitter_card":"summary_large_image","schema":{"@context":"https:\/\/schema.org","@graph":[{"@type":"WebPage","@id":"https:\/\/interieryluzica.sk\/produkty\/mimoriadne-projekty\/","url":"https:\/\/interieryluzica.sk\/produkty\/mimoriadne-projekty\/","name":"Mimoriadne projekty - Interi\u00e9ry Lu\u017eica","isPartOf":{"@id":"https:\/\/interieryluzica.sk\/#website"},"datePublished":"2022-04-29T11:05:57+00:00","dateModified":"2023-01-26T13:08:16+00:00","breadcrumb":{"@id":"https:\/\/interieryluzica.sk\/produkty\/mimoriadne-projekty\/#breadcrumb"},"inLanguage":"hu","potentialAction":[{"@type":"ReadAction","target":["https:\/\/interieryluzica.sk\/produkty\/mimoriadne-projekty\/"]}]},{"@type":"BreadcrumbList","@id":"https:\/\/interieryluzica.sk\/produkty\/mimoriadne-projekty\/#breadcrumb","itemListElement":[{"@type":"ListItem","position":1,"name":"Domovsk\u00e1 str\u00e1nka","item":"https:\/\/interieryluzica.sk\/"},{"@type":"ListItem","position":2,"name":"Produkty","item":"https:\/\/interieryluzica.sk\/?page_id=8"},{"@type":"ListItem","position":3,"name":"Mimoriadne projekty"}]},{"@type":"WebSite","@id":"https:\/\/interieryluzica.sk\/#website","url":"https:\/\/interieryluzica.sk\/","name":"Interi\u00e9ry Lu\u017eica","description":"INTERI\u00c9RY &amp; KUCHYNE","publisher":{"@id":"https:\/\/interieryluzica.sk\/#organization"},"potentialAction":[{"@type":"SearchAction","target":{"@type":"EntryPoint","urlTemplate":"https:\/\/interieryluzica.sk\/?s={search_term_string}"},"query-input":{"@type":"PropertyValueSpecification","valueRequired":true,"valueName":"search_term_string"}}],"inLanguage":"hu"},{"@type":"Organization","@id":"https:\/\/interieryluzica.sk\/#organization","name":"Interi\u00e9ry Lu\u017eica","url":"https:\/\/interieryluzica.sk\/","logo":{"@type":"ImageObject","inLanguage":"hu","@id":"https:\/\/interieryluzica.sk\/#\/schema\/logo\/image\/","url":"https:\/\/interieryluzica.sk\/wp-content\/uploads\/2022\/05\/Logo-bez-ramceka.png","contentUrl":"https:\/\/interieryluzica.sk\/wp-content\/uploads\/2022\/05\/Logo-bez-ramceka.png","width":1920,"height":554,"caption":"Interi\u00e9ry Lu\u017eica"},"image":{"@id":"https:\/\/interieryluzica.sk\/#\/schema\/logo\/image\/"},"sameAs":["https:\/\/www.facebook.com\/109717744000991"]}]}},"_links":{"self":[{"href":"https:\/\/interieryluzica.sk\/hu\/wp-json\/wp\/v2\/pages\/214","targetHints":{"allow":["GET"]}}],"collection":[{"href":"https:\/\/interieryluzica.sk\/hu\/wp-json\/wp\/v2\/pages"}],"about":[{"href":"https:\/\/interieryluzica.sk\/hu\/wp-json\/wp\/v2\/types\/page"}],"author":[{"embeddable":true,"href":"https:\/\/interieryluzica.sk\/hu\/wp-json\/wp\/v2\/users\/1"}],"replies":[{"embeddable":true,"href":"https:\/\/interieryluzica.sk\/hu\/wp-json\/wp\/v2\/comments?post=214"}],"version-history":[{"count":1,"href":"https:\/\/interieryluzica.sk\/hu\/wp-json\/wp\/v2\/pages\/214\/revisions"}],"predecessor-version":[{"id":215,"href":"https:\/\/interieryluzica.sk\/hu\/wp-json\/wp\/v2\/pages\/214\/revisions\/215"}],"up":[{"embeddable":true,"href":"https:\/\/interieryluzica.sk\/hu\/wp-json\/wp\/v2\/pages\/8"}],"wp:attachment":[{"href":"https:\/\/interieryluzica.sk\/hu\/wp-json\/wp\/v2\/media?parent=214"}],"curies":[{"name":"wp","href":"https:\/\/api.w.org\/{rel}","templated":true}]}}