{"id":127,"date":"2022-03-14T13:26:51","date_gmt":"2022-03-14T12:26:51","guid":{"rendered":"https:\/\/interieryluzica.sk\/?page_id=127"},"modified":"2023-01-25T15:49:06","modified_gmt":"2023-01-25T14:49:06","slug":"sluzby","status":"publish","type":"page","link":"https:\/\/interieryluzica.sk\/hu\/sluzby\/","title":{"rendered":"Szolg\u00e1ltat\u00e1sok"},"content":{"rendered":"<p><h2>3D-s grafikai tervez\u00e9s \u00e9s tan\u00e1csad\u00e1s<\/h2> <br><h5>Hogy fognak az az elk\u00e9pzel\u00e9sei \u00e9s \u00f6tletei a val\u00f3s\u00e1gban megval\u00f3sulni?<\/h5> <br>Sz\u00edvesen tan\u00e1csot adunk, \u00e9s elk\u00e9sz\u00edtj\u00fck \u00d6nnek a h\u00e1romdimenzi\u00f3s grafikai tervet. J\u00f3l elk\u00e9pzelhet\u0151v\u00e9 tessz\u00fck \u00d6n sz\u00e1m\u00e1ra, hogy az adott term\u00e9k mik\u00e9nt is fog kin\u00e9zni k\u00fcl\u00f6nb\u00f6z\u0151 l\u00e1t\u00f3sz\u00f6gekb\u0151l. El\u00e9g, ha elhozza mag\u00e1val a konyh\u00e1ja, helys\u00e9ge alaprajz\u00e1t, melyben a b\u00fator elhelyez\u00e9sre ker\u00fcl.<br><br><br><img decoding=\"async\" src=\"https:\/\/interieryluzica.sk\/wp-content\/uploads\/2022\/04\/3D-graficky-navrh-a-poradenstvo-Interiery-Luzica.jpg\" alt=\"3D-grafick\u00fd-n\u00e1vrh-a-poradenstvo-Interi\u00e9ry-Lu\u017eica\"><br><br><img decoding=\"async\" src=\"https:\/\/interieryluzica.sk\/wp-content\/uploads\/2022\/04\/Vymeranie-doprava-montaz-Interiery-Luzica.jpg\" alt=\"Vymeranie,-doprava,-mont\u00e1\u017e--Interi\u00e9ry-Lu\u017eica\"><br><br><h2>Bem\u00e9r\u00e9s, sz\u00e1ll\u00edt\u00e1s, szerel\u00e9s<\/h2> <br><h5>Mindent elint\u00e9z\u00fcnk \u00d6n helyett! <\/h5> <br>A helys\u00e9g bem\u00e9r\u00e9se, az alapanyagok \u00e9s kell\u00e9kek kiv\u00e1laszt\u00e1sa ut\u00e1n, valamint a grafikai terv j\u00f3v\u00e1hagy\u00e1sa, az \u00e1raj\u00e1nlat \u00e9s rendel\u00e9s feldolgoz\u00e1s\u00e1t k\u00f6vet\u0151en sz\u00e1ll\u00edt\u00e1si id\u0151n bel\u00fcl, elhozzuk \u00d6nnek az \u00e1rut a szerel\u00e9s helysz\u00edn\u00e9re, kipakoljuk \u00e9s felszerelj\u00fck.<br><br><br><\/p>","protected":false},"excerpt":{"rendered":"<p>3D grafick\u00fd n\u00e1vrh a poradenstvo Ako bud\u00fa Va\u0161e predstavy a n\u00e1vrhy vyzera\u0165 v skuto\u010dnosti? Radi V\u00e1m porad\u00edme a priprav\u00edme trojrozmern\u00fd grafick\u00fd n\u00e1vrh. Z\u00edskate dobr\u00fa predstavu o<span class=\"excerpt-hellip\"> [\u2026]<\/span><\/p>","protected":false},"author":1,"featured_media":0,"parent":0,"menu_order":0,"comment_status":"closed","ping_status":"closed","template":"","meta":{"ngg_post_thumbnail":0,"footnotes":""},"class_list":["post-127","page","type-page","status-publish","hentry"],"yoast_head":"<!-- This site is optimized with the Yoast SEO plugin v27.5 - https:\/\/yoast.com\/product\/yoast-seo-wordpress\/ -->\n<title>Slu\u017eby - Interi\u00e9ry Lu\u017eica<\/title>\n<meta name=\"description\" content=\"3D grafick\u00fd n\u00e1vrh a poradenstvo. Po zameran\u00ed priestoru, v\u00fdbere materi\u00e1lov a doplnkov, ods\u00fahlasen\u00ed grafick\u00e9ho n\u00e1vrhu, spracovan\u00ed cenovej ponuky a objedn\u00e1vky V\u00e1m v dodacej lehote privezieme tovar na miesto mont\u00e1\u017ee, vylo\u017e\u00edme a zmontujeme.\" \/>\n<meta name=\"robots\" content=\"index, follow, max-snippet:-1, max-image-preview:large, max-video-preview:-1\" \/>\n<link rel=\"canonical\" href=\"https:\/\/interieryluzica.sk\/hu\/sluzby\/\" \/>\n<meta property=\"og:locale\" content=\"hu_HU\" \/>\n<meta property=\"og:type\" content=\"article\" \/>\n<meta property=\"og:title\" content=\"Slu\u017eby - Interi\u00e9ry Lu\u017eica\" \/>\n<meta property=\"og:description\" content=\"3D grafick\u00fd n\u00e1vrh a poradenstvo. Po zameran\u00ed priestoru, v\u00fdbere materi\u00e1lov a doplnkov, ods\u00fahlasen\u00ed grafick\u00e9ho n\u00e1vrhu, spracovan\u00ed cenovej ponuky a objedn\u00e1vky V\u00e1m v dodacej lehote privezieme tovar na miesto mont\u00e1\u017ee, vylo\u017e\u00edme a zmontujeme.\" \/>\n<meta property=\"og:url\" content=\"https:\/\/interieryluzica.sk\/hu\/sluzby\/\" \/>\n<meta property=\"og:site_name\" content=\"Interi\u00e9ry Lu\u017eica\" \/>\n<meta property=\"article:publisher\" content=\"https:\/\/www.facebook.com\/109717744000991\" \/>\n<meta property=\"article:modified_time\" content=\"2023-01-25T14:49:06+00:00\" \/>\n<meta property=\"og:image\" content=\"https:\/\/interieryluzica.sk\/wp-content\/uploads\/2022\/04\/3D-graficky-navrh-a-poradenstvo-Interiery-Luzica.jpg\" \/>\n<meta name=\"twitter:card\" content=\"summary_large_image\" \/>\n<meta name=\"twitter:label1\" content=\"Becs\u00fclt olvas\u00e1si id\u0151\" \/>\n\t<meta name=\"twitter:data1\" content=\"1 perc\" \/>\n<script type=\"application\/ld+json\" class=\"yoast-schema-graph\">{\"@context\":\"https:\\\/\\\/schema.org\",\"@graph\":[{\"@type\":\"WebPage\",\"@id\":\"https:\\\/\\\/interieryluzica.sk\\\/sluzby\\\/\",\"url\":\"https:\\\/\\\/interieryluzica.sk\\\/sluzby\\\/\",\"name\":\"Slu\u017eby - Interi\u00e9ry Lu\u017eica\",\"isPartOf\":{\"@id\":\"https:\\\/\\\/interieryluzica.sk\\\/#website\"},\"primaryImageOfPage\":{\"@id\":\"https:\\\/\\\/interieryluzica.sk\\\/sluzby\\\/#primaryimage\"},\"image\":{\"@id\":\"https:\\\/\\\/interieryluzica.sk\\\/sluzby\\\/#primaryimage\"},\"thumbnailUrl\":\"https:\\\/\\\/interieryluzica.sk\\\/wp-content\\\/uploads\\\/2022\\\/04\\\/3D-graficky-navrh-a-poradenstvo-Interiery-Luzica.jpg\",\"datePublished\":\"2022-03-14T12:26:51+00:00\",\"dateModified\":\"2023-01-25T14:49:06+00:00\",\"description\":\"3D grafick\u00fd n\u00e1vrh a poradenstvo. Po zameran\u00ed priestoru, v\u00fdbere materi\u00e1lov a doplnkov, ods\u00fahlasen\u00ed grafick\u00e9ho n\u00e1vrhu, spracovan\u00ed cenovej ponuky a objedn\u00e1vky V\u00e1m v dodacej lehote privezieme tovar na miesto mont\u00e1\u017ee, vylo\u017e\u00edme a zmontujeme.\",\"breadcrumb\":{\"@id\":\"https:\\\/\\\/interieryluzica.sk\\\/sluzby\\\/#breadcrumb\"},\"inLanguage\":\"hu\",\"potentialAction\":[{\"@type\":\"ReadAction\",\"target\":[\"https:\\\/\\\/interieryluzica.sk\\\/sluzby\\\/\"]}]},{\"@type\":\"ImageObject\",\"inLanguage\":\"hu\",\"@id\":\"https:\\\/\\\/interieryluzica.sk\\\/sluzby\\\/#primaryimage\",\"url\":\"https:\\\/\\\/interieryluzica.sk\\\/wp-content\\\/uploads\\\/2022\\\/04\\\/3D-graficky-navrh-a-poradenstvo-Interiery-Luzica.jpg\",\"contentUrl\":\"https:\\\/\\\/interieryluzica.sk\\\/wp-content\\\/uploads\\\/2022\\\/04\\\/3D-graficky-navrh-a-poradenstvo-Interiery-Luzica.jpg\"},{\"@type\":\"BreadcrumbList\",\"@id\":\"https:\\\/\\\/interieryluzica.sk\\\/sluzby\\\/#breadcrumb\",\"itemListElement\":[{\"@type\":\"ListItem\",\"position\":1,\"name\":\"Domovsk\u00e1 str\u00e1nka\",\"item\":\"https:\\\/\\\/interieryluzica.sk\\\/\"},{\"@type\":\"ListItem\",\"position\":2,\"name\":\"Slu\u017eby\"}]},{\"@type\":\"WebSite\",\"@id\":\"https:\\\/\\\/interieryluzica.sk\\\/#website\",\"url\":\"https:\\\/\\\/interieryluzica.sk\\\/\",\"name\":\"Interi\u00e9ry Lu\u017eica\",\"description\":\"INTERI\u00c9RY &amp; KUCHYNE\",\"publisher\":{\"@id\":\"https:\\\/\\\/interieryluzica.sk\\\/#organization\"},\"potentialAction\":[{\"@type\":\"SearchAction\",\"target\":{\"@type\":\"EntryPoint\",\"urlTemplate\":\"https:\\\/\\\/interieryluzica.sk\\\/?s={search_term_string}\"},\"query-input\":{\"@type\":\"PropertyValueSpecification\",\"valueRequired\":true,\"valueName\":\"search_term_string\"}}],\"inLanguage\":\"hu\"},{\"@type\":\"Organization\",\"@id\":\"https:\\\/\\\/interieryluzica.sk\\\/#organization\",\"name\":\"Interi\u00e9ry Lu\u017eica\",\"url\":\"https:\\\/\\\/interieryluzica.sk\\\/\",\"logo\":{\"@type\":\"ImageObject\",\"inLanguage\":\"hu\",\"@id\":\"https:\\\/\\\/interieryluzica.sk\\\/#\\\/schema\\\/logo\\\/image\\\/\",\"url\":\"https:\\\/\\\/interieryluzica.sk\\\/wp-content\\\/uploads\\\/2022\\\/05\\\/Logo-bez-ramceka.png\",\"contentUrl\":\"https:\\\/\\\/interieryluzica.sk\\\/wp-content\\\/uploads\\\/2022\\\/05\\\/Logo-bez-ramceka.png\",\"width\":1920,\"height\":554,\"caption\":\"Interi\u00e9ry Lu\u017eica\"},\"image\":{\"@id\":\"https:\\\/\\\/interieryluzica.sk\\\/#\\\/schema\\\/logo\\\/image\\\/\"},\"sameAs\":[\"https:\\\/\\\/www.facebook.com\\\/109717744000991\"]}]}<\/script>\n<!-- \/ Yoast SEO plugin. -->","yoast_head_json":{"title":"Slu\u017eby - Interi\u00e9ry Lu\u017eica","description":"3D grafick\u00fd n\u00e1vrh a poradenstvo. Po zameran\u00ed priestoru, v\u00fdbere materi\u00e1lov a doplnkov, ods\u00fahlasen\u00ed grafick\u00e9ho n\u00e1vrhu, spracovan\u00ed cenovej ponuky a objedn\u00e1vky V\u00e1m v dodacej lehote privezieme tovar na miesto mont\u00e1\u017ee, vylo\u017e\u00edme a zmontujeme.","robots":{"index":"index","follow":"follow","max-snippet":"max-snippet:-1","max-image-preview":"max-image-preview:large","max-video-preview":"max-video-preview:-1"},"canonical":"https:\/\/interieryluzica.sk\/hu\/sluzby\/","og_locale":"hu_HU","og_type":"article","og_title":"Slu\u017eby - Interi\u00e9ry Lu\u017eica","og_description":"3D grafick\u00fd n\u00e1vrh a poradenstvo. Po zameran\u00ed priestoru, v\u00fdbere materi\u00e1lov a doplnkov, ods\u00fahlasen\u00ed grafick\u00e9ho n\u00e1vrhu, spracovan\u00ed cenovej ponuky a objedn\u00e1vky V\u00e1m v dodacej lehote privezieme tovar na miesto mont\u00e1\u017ee, vylo\u017e\u00edme a zmontujeme.","og_url":"https:\/\/interieryluzica.sk\/hu\/sluzby\/","og_site_name":"Interi\u00e9ry Lu\u017eica","article_publisher":"https:\/\/www.facebook.com\/109717744000991","article_modified_time":"2023-01-25T14:49:06+00:00","og_image":[{"url":"https:\/\/interieryluzica.sk\/wp-content\/uploads\/2022\/04\/3D-graficky-navrh-a-poradenstvo-Interiery-Luzica.jpg","type":"","width":"","height":""}],"twitter_card":"summary_large_image","twitter_misc":{"Becs\u00fclt olvas\u00e1si id\u0151":"1 perc"},"schema":{"@context":"https:\/\/schema.org","@graph":[{"@type":"WebPage","@id":"https:\/\/interieryluzica.sk\/sluzby\/","url":"https:\/\/interieryluzica.sk\/sluzby\/","name":"Slu\u017eby - Interi\u00e9ry Lu\u017eica","isPartOf":{"@id":"https:\/\/interieryluzica.sk\/#website"},"primaryImageOfPage":{"@id":"https:\/\/interieryluzica.sk\/sluzby\/#primaryimage"},"image":{"@id":"https:\/\/interieryluzica.sk\/sluzby\/#primaryimage"},"thumbnailUrl":"https:\/\/interieryluzica.sk\/wp-content\/uploads\/2022\/04\/3D-graficky-navrh-a-poradenstvo-Interiery-Luzica.jpg","datePublished":"2022-03-14T12:26:51+00:00","dateModified":"2023-01-25T14:49:06+00:00","description":"3D grafick\u00fd n\u00e1vrh a poradenstvo. Po zameran\u00ed priestoru, v\u00fdbere materi\u00e1lov a doplnkov, ods\u00fahlasen\u00ed grafick\u00e9ho n\u00e1vrhu, spracovan\u00ed cenovej ponuky a objedn\u00e1vky V\u00e1m v dodacej lehote privezieme tovar na miesto mont\u00e1\u017ee, vylo\u017e\u00edme a zmontujeme.","breadcrumb":{"@id":"https:\/\/interieryluzica.sk\/sluzby\/#breadcrumb"},"inLanguage":"hu","potentialAction":[{"@type":"ReadAction","target":["https:\/\/interieryluzica.sk\/sluzby\/"]}]},{"@type":"ImageObject","inLanguage":"hu","@id":"https:\/\/interieryluzica.sk\/sluzby\/#primaryimage","url":"https:\/\/interieryluzica.sk\/wp-content\/uploads\/2022\/04\/3D-graficky-navrh-a-poradenstvo-Interiery-Luzica.jpg","contentUrl":"https:\/\/interieryluzica.sk\/wp-content\/uploads\/2022\/04\/3D-graficky-navrh-a-poradenstvo-Interiery-Luzica.jpg"},{"@type":"BreadcrumbList","@id":"https:\/\/interieryluzica.sk\/sluzby\/#breadcrumb","itemListElement":[{"@type":"ListItem","position":1,"name":"Domovsk\u00e1 str\u00e1nka","item":"https:\/\/interieryluzica.sk\/"},{"@type":"ListItem","position":2,"name":"Slu\u017eby"}]},{"@type":"WebSite","@id":"https:\/\/interieryluzica.sk\/#website","url":"https:\/\/interieryluzica.sk\/","name":"Interi\u00e9ry Lu\u017eica","description":"INTERI\u00c9RY &amp; KUCHYNE","publisher":{"@id":"https:\/\/interieryluzica.sk\/#organization"},"potentialAction":[{"@type":"SearchAction","target":{"@type":"EntryPoint","urlTemplate":"https:\/\/interieryluzica.sk\/?s={search_term_string}"},"query-input":{"@type":"PropertyValueSpecification","valueRequired":true,"valueName":"search_term_string"}}],"inLanguage":"hu"},{"@type":"Organization","@id":"https:\/\/interieryluzica.sk\/#organization","name":"Interi\u00e9ry Lu\u017eica","url":"https:\/\/interieryluzica.sk\/","logo":{"@type":"ImageObject","inLanguage":"hu","@id":"https:\/\/interieryluzica.sk\/#\/schema\/logo\/image\/","url":"https:\/\/interieryluzica.sk\/wp-content\/uploads\/2022\/05\/Logo-bez-ramceka.png","contentUrl":"https:\/\/interieryluzica.sk\/wp-content\/uploads\/2022\/05\/Logo-bez-ramceka.png","width":1920,"height":554,"caption":"Interi\u00e9ry Lu\u017eica"},"image":{"@id":"https:\/\/interieryluzica.sk\/#\/schema\/logo\/image\/"},"sameAs":["https:\/\/www.facebook.com\/109717744000991"]}]}},"_links":{"self":[{"href":"https:\/\/interieryluzica.sk\/hu\/wp-json\/wp\/v2\/pages\/127","targetHints":{"allow":["GET"]}}],"collection":[{"href":"https:\/\/interieryluzica.sk\/hu\/wp-json\/wp\/v2\/pages"}],"about":[{"href":"https:\/\/interieryluzica.sk\/hu\/wp-json\/wp\/v2\/types\/page"}],"author":[{"embeddable":true,"href":"https:\/\/interieryluzica.sk\/hu\/wp-json\/wp\/v2\/users\/1"}],"replies":[{"embeddable":true,"href":"https:\/\/interieryluzica.sk\/hu\/wp-json\/wp\/v2\/comments?post=127"}],"version-history":[{"count":3,"href":"https:\/\/interieryluzica.sk\/hu\/wp-json\/wp\/v2\/pages\/127\/revisions"}],"predecessor-version":[{"id":348,"href":"https:\/\/interieryluzica.sk\/hu\/wp-json\/wp\/v2\/pages\/127\/revisions\/348"}],"wp:attachment":[{"href":"https:\/\/interieryluzica.sk\/hu\/wp-json\/wp\/v2\/media?parent=127"}],"curies":[{"name":"wp","href":"https:\/\/api.w.org\/{rel}","templated":true}]}}